{"id":51,"date":"2019-08-22T19:49:59","date_gmt":"2019-08-22T17:49:59","guid":{"rendered":"http:\/\/gpharma.net\/?page_id=51"},"modified":"2026-03-27T16:28:34","modified_gmt":"2026-03-27T15:28:34","slug":"nosotros","status":"publish","type":"page","link":"https:\/\/gpharma.net\/?page_id=51","title":{"rendered":"Nosotros"},"content":{"rendered":"<p>Somos Global Service Pharmaceutical, empresa creada en el a\u00f1o 2006 como gestor farmac\u00e9utico para suplir la necesidad del sector salud en Colombia de acceso a medicamentos vitales no disponibles para el tratamiento de enfermedades hu\u00e9rfanas y de alto costo. Los pilares de nuestra organizaci\u00f3n han sido la honradez, el cumplimiento de los requisitos gubernamentales y un alto compromiso social; teniendo precios justos y prestando un servicio oportuno.<\/p>\n<p>Contamos con un equipo de trabajo integrado por profesionales de la salud y administrativo que interact\u00faan internamente y con las diferentes entidades de la salud con el fin de brindar a los pacientes un servicio integral y oportuno, de esta manera buscamos ofrecer al paciente una mejor calidad de vida.<\/p>\n<p>Estamos conformados por un grupo humano de personas j\u00f3venes, apasionadas y comprometidas por nuestro trabajo. Aprendemos d\u00eda a d\u00eda con lo que hacemos y aportamos nuestro conocimiento en pro del crecimiento personal y de nuestra empresa.<\/p>\n<p>El cumplimiento en la entrega, los precios justos y el acompa\u00f1amiento a nuestros clientes han permitido que Global Service Pharmaceutical tenga gran reconocimiento en el sector salud y se haya afianzado como una de las empresas m\u00e1s reconocidas de medicamentos importados.<\/p>\n<p>Contamos con la representaci\u00f3n exclusiva para Colombia de: CELLTRION \u00ae, THERAFIRM \u00ae, SYNACTHEN \u00ae, ANCOTOSIN \u00ae Y VITAMIX \u00ae.<\/p>\n<h3>Nuestro valor agregado<\/h3>\n<ul>\n<li>Realizamos entregas a nivel nacional, inclusive a lugares remotos y de dif\u00edcil acceso de acuerdo a la necesidad del cliente.<\/li>\n<li>Contamos con una Bodega monitoreada 24\/7.<\/li>\n<li>Rastreo satelital de las cargas.<\/li>\n<li>Almacenamiento y transporte de medicamentos a temperatura controlada.<\/li>\n<li>Disponemos de espacios totalmente acondicionados y certificados.<\/li>\n<li>Los pedidos son acondicionados de acuerdo con los procedimientos que requiera el cliente.<\/li>\n<\/ul>\n<h3>Misi\u00f3n<\/h3>\n<p>Comercializamos medicamentos importados, vitales no disponibles, medicamentos nacionales y dispositivos m\u00e9dicos, mejorando la oportunidad en el servicio y la satisfacci\u00f3n de nuestros clientes, contribuyendo a la calidad de vida de los pacientes. Nuestros procesos se ajustan a la normatividad Colombiana buscando una alta calidad en el servicio y ofreciendo precios que sean acordes al sistema de salud de nuestro pa\u00eds. Trabajamos en pro del mejoramiento continuo de las relaciones con todos nuestros aliados estrat\u00e9gicos.<\/p>\n<h3>Visi\u00f3n<\/h3>\n<p>Seremos reconocidos como la empresa l\u00edder en Colombia en el mercado de medicamentos importados, representando a laboratorios y proveedores extranjeros en nuestro pa\u00eds; destac\u00e1ndonos por la oportunidad en nuestro servicio y la \u00e9tica en nuestra operaci\u00f3n comercial y administrativa.<\/p>\n<h3>Valores<\/h3>\n<ul>\n<li>Servicio<\/li>\n<li>Honestidad<\/li>\n<li>Responsabilidad<\/li>\n<\/ul>\n<h3>Estados Financieros<\/h3>\n<p><!--StartFragment --> <a href=\"https:\/\/gpharmanet-my.sharepoint.com\/:b:\/g\/personal\/anacasas_gpharma_net\/IQA5OauWD0O-S6hgM0D_c91rASLzPY8XDTIq1Ja0suQSMWI?e=LObA87\">ESTADOS FINANCIEROS 2024-2025.pdf<\/a><\/p>","protected":false},"excerpt":{"rendered":"<p>Somos Global Service Pharmaceutical, empresa creada en el a\u00f1o 2006 como gestor farmac\u00e9utico para suplir la necesidad del sector salud en Colombia de acceso a medicamentos vitales no disponibles para el tratamiento de enfermedades hu\u00e9rfanas y de alto costo. Los pilares de nuestra organizaci\u00f3n han sido la honradez, el cumplimiento de los requisitos gubernamentales y un alto compromiso social; teniendo precios justos y prestando un servicio oportuno.<\/p>\n","protected":false},"author":1,"featured_media":23,"parent":0,"menu_order":0,"comment_status":"closed","ping_status":"closed","template":"","meta":[],"_links":{"self":[{"href":"https:\/\/gpharma.net\/index.php?rest_route=\/wp\/v2\/pages\/51"}],"collection":[{"href":"https:\/\/gpharma.net\/index.php?rest_route=\/wp\/v2\/pages"}],"about":[{"href":"https:\/\/gpharma.net\/index.php?rest_route=\/wp\/v2\/types\/page"}],"author":[{"embeddable":true,"href":"https:\/\/gpharma.net\/index.php?rest_route=\/wp\/v2\/users\/1"}],"replies":[{"embeddable":true,"href":"https:\/\/gpharma.net\/index.php?rest_route=%2Fwp%2Fv2%2Fcomments&post=51"}],"version-history":[{"count":6,"href":"https:\/\/gpharma.net\/index.php?rest_route=\/wp\/v2\/pages\/51\/revisions"}],"predecessor-version":[{"id":9830,"href":"https:\/\/gpharma.net\/index.php?rest_route=\/wp\/v2\/pages\/51\/revisions\/9830"}],"wp:featuredmedia":[{"embeddable":true,"href":"https:\/\/gpharma.net\/index.php?rest_route=\/wp\/v2\/media\/23"}],"wp:attachment":[{"href":"https:\/\/gpharma.net\/index.php?rest_route=%2Fwp%2Fv2%2Fmedia&parent=51"}],"curies":[{"name":"wp","href":"https:\/\/api.w.org\/{rel}","templated":true}]}}