{"id":34,"date":"2019-08-22T19:38:14","date_gmt":"2019-08-22T17:38:14","guid":{"rendered":"http:\/\/gpharma.net\/?page_id=34"},"modified":"2026-03-13T03:22:09","modified_gmt":"2026-03-13T02:22:09","slug":"farmacovigilancia-y-tecnovigilancia","status":"publish","type":"page","link":"https:\/\/gpharma.net\/?page_id=34","title":{"rendered":"Farmacovigilancia y tecnovigilancia"},"content":{"rendered":"<p><strong>Farmacovigilancia<\/strong> es definida seg\u00fan la Organizaci\u00f3n Mundial de la Salud (OMS) como: \u201cLa ciencia y actividades relacionadas con la detecci\u00f3n, valoraci\u00f3n, entendimiento y prevenci\u00f3n de efectos adversos o de cualquier otro problema relacionados con medicamentos\u201d<\/p>\n<p><strong>Global Service Pharmaceutical<\/strong> garantiza el cumplimiento de par\u00e1metros de calidad, control de factores ambientales y conservaci\u00f3n de caracter\u00edsticas del medicamento para un uso seguro \u00a0durante toda la cadena de distribuci\u00f3n. Mantiene activo el Sistema de Farmacovigilancia \u00a0posterior a la comercializaci\u00f3n y se encuentra en la capacidad de gestionar Acuerdos de Intercambio de Datos de Seguridad para productos registrados y no registrados en Colombia.<\/p>\n<p><strong>Tecnovigilancia<\/strong> se define como el conjunto de actividades que tienen por objeto la identificaci\u00f3n y la cualificaci\u00f3n de eventos e incidentes adversos serios e indeseados producidos asociados con los dispositivos m\u00e9dicos,\u00a0 as\u00ed como la identificaci\u00f3n de los factores de riesgo asociados a estos, con base en la notificaci\u00f3n, registro y evaluaci\u00f3n sistem\u00e1tica, con el fin de determinar la frecuencia, gravedad e incidencia de los mismos para prevenir su aparici\u00f3n.<\/p>\n<p>Se cuenta con un programa para la detecci\u00f3n, gesti\u00f3n y reporte de eventos ante el ente regulador a nivel nacional e industria farmac\u00e9utica asociada.<\/p>\n<p>La Informaci\u00f3n relacionada con ambos programas es estrictamente confidencial y anonimizada para el caso de la industria farmac\u00e9utica asociada de acuerdo a nuestras pol\u00edticas de privacidad y de datos personales. Mediante estos programas Global Service promueve el concepto de responsabilidad social empresarial, mediante la\u00a0 promoci\u00f3n del uso seguro de medicamentos y dispositivos m\u00e9dicos a nuestros clientes y partes interesadas<\/p>\n<p>Agradecemos que en caso de presentar alguna sospecha de evento adverso, falta de eficacia, sobredosis, uso fuera de indicaci\u00f3n, errores de medicaci\u00f3n entre otros, se contacte inmediatamente con:<\/p>\n<p>Andr\u00e9s Zuluaga Suar\u00e9z<br \/>\nDirector T\u00e9cnico<br \/>\nCelular: 3172258843<br \/>\nCorreo: pharmacovigilance@gpharma.net<\/p>","protected":false},"excerpt":{"rendered":"<p>Farmacovigilancia es definida seg\u00fan la Organizaci\u00f3n Mundial de la Salud (OMS) como: \u201cLa ciencia y actividades relacionadas con la detecci\u00f3n, valoraci\u00f3n, entendimiento y prevenci\u00f3n de efectos adversos o de cualquier otro problema relacionados con medicamentos\u201d Global Service Pharmaceutical garantiza el cumplimiento de par\u00e1metros de calidad, control de factores ambientales y conservaci\u00f3n de caracter\u00edsticas del medicamento [&hellip;]<\/p>\n","protected":false},"author":1,"featured_media":29,"parent":0,"menu_order":0,"comment_status":"closed","ping_status":"closed","template":"","meta":[],"_links":{"self":[{"href":"https:\/\/gpharma.net\/index.php?rest_route=\/wp\/v2\/pages\/34"}],"collection":[{"href":"https:\/\/gpharma.net\/index.php?rest_route=\/wp\/v2\/pages"}],"about":[{"href":"https:\/\/gpharma.net\/index.php?rest_route=\/wp\/v2\/types\/page"}],"author":[{"embeddable":true,"href":"https:\/\/gpharma.net\/index.php?rest_route=\/wp\/v2\/users\/1"}],"replies":[{"embeddable":true,"href":"https:\/\/gpharma.net\/index.php?rest_route=%2Fwp%2Fv2%2Fcomments&post=34"}],"version-history":[{"count":7,"href":"https:\/\/gpharma.net\/index.php?rest_route=\/wp\/v2\/pages\/34\/revisions"}],"predecessor-version":[{"id":9831,"href":"https:\/\/gpharma.net\/index.php?rest_route=\/wp\/v2\/pages\/34\/revisions\/9831"}],"wp:featuredmedia":[{"embeddable":true,"href":"https:\/\/gpharma.net\/index.php?rest_route=\/wp\/v2\/media\/29"}],"wp:attachment":[{"href":"https:\/\/gpharma.net\/index.php?rest_route=%2Fwp%2Fv2%2Fmedia&parent=34"}],"curies":[{"name":"wp","href":"https:\/\/api.w.org\/{rel}","templated":true}]}}